{"id":1431,"date":"2025-04-30T09:24:05","date_gmt":"2025-04-30T07:24:05","guid":{"rendered":"https:\/\/www.ltcandgroup.com\/home\/"},"modified":"2025-08-07T10:37:42","modified_gmt":"2025-08-07T08:37:42","slug":"home","status":"publish","type":"page","link":"https:\/\/www.ltcandgroup.com\/ca\/","title":{"rendered":"Home"},"content":{"rendered":"\t\t<div data-elementor-type=\"wp-page\" data-elementor-id=\"1431\" class=\"elementor elementor-1431 elementor-12\" data-elementor-post-type=\"page\">\n\t\t\t\t<div class=\"elementor-element elementor-element-2a9c195 e-con-full e-flex elementor-invisible e-con e-parent\" data-id=\"2a9c195\" data-element_type=\"container\" data-e-type=\"container\" id=\"portada\" data-settings=\"{&quot;background_background&quot;:&quot;classic&quot;,&quot;animation&quot;:&quot;fadeIn&quot;,&quot;animation_mobile&quot;:&quot;none&quot;}\">\n\t\t\t\t<div class=\"elementor-element elementor-element-8ea2d28 negroblanco elementor-widget elementor-widget-heading\" data-id=\"8ea2d28\" data-element_type=\"widget\" data-e-type=\"widget\" data-widget_type=\"heading.default\">\n\t\t\t\t<div class=\"elementor-widget-container\">\n\t\t\t\t\t<h1 class=\"elementor-heading-title elementor-size-default\"><span class=\"gradient-text\">LTC&amp;GROUP.<\/span> PLV DIFERENCIAL.<\/h1>\t\t\t\t<\/div>\n\t\t\t\t<\/div>\n\t\t\t\t<div class=\"elementor-element elementor-element-3fac693 elementor-headline--style-rotate elementor-widget elementor-widget-animated-headline\" data-id=\"3fac693\" data-element_type=\"widget\" data-e-type=\"widget\" data-settings=\"{&quot;headline_style&quot;:&quot;rotate&quot;,&quot;rotating_text&quot;:&quot;Nous temps!\\nNoves propostes!&quot;,&quot;_animation&quot;:&quot;none&quot;,&quot;_animation_mobile&quot;:&quot;none&quot;,&quot;_animation_delay&quot;:50,&quot;animation_type&quot;:&quot;typing&quot;,&quot;loop&quot;:&quot;yes&quot;,&quot;rotate_iteration_delay&quot;:2500}\" data-widget_type=\"animated-headline.default\">\n\t\t\t\t<div class=\"elementor-widget-container\">\n\t\t\t\t\t\t\t<p class=\"elementor-headline elementor-headline-animation-type-typing elementor-headline-letters\">\n\t\t\t\t<span class=\"elementor-headline-dynamic-wrapper elementor-headline-text-wrapper\">\n\t\t\t\t\t<span class=\"elementor-headline-dynamic-text elementor-headline-text-active\">\n\t\t\t\tNous&nbsp;temps!\t\t\t<\/span>\n\t\t\t\t\t<span class=\"elementor-headline-dynamic-text\">\n\t\t\t\tNoves&nbsp;propostes!\t\t\t<\/span>\n\t\t\t\t\t\t<\/span>\n\t\t\t\t<\/p>\n\t\t\t\t\t\t<\/div>\n\t\t\t\t<\/div>\n\t\t\t\t<div class=\"elementor-element elementor-element-1d66fb5 animated-slow elementor-invisible elementor-widget elementor-widget-button\" data-id=\"1d66fb5\" data-element_type=\"widget\" data-e-type=\"widget\" data-settings=\"{&quot;_animation&quot;:&quot;fadeInUp&quot;,&quot;_animation_mobile&quot;:&quot;none&quot;,&quot;_animation_delay&quot;:500}\" data-widget_type=\"button.default\">\n\t\t\t\t<div class=\"elementor-widget-container\">\n\t\t\t\t\t\t\t\t\t<div class=\"elementor-button-wrapper\">\n\t\t\t\t\t<a class=\"elementor-button elementor-button-link elementor-size-sm elementor-animation-sink\" href=\"#serveis\">\n\t\t\t\t\t\t<span class=\"elementor-button-content-wrapper\">\n\t\t\t\t\t\t\t\t\t<span class=\"elementor-button-text\">Coneix-nos<\/span>\n\t\t\t\t\t<\/span>\n\t\t\t\t\t<\/a>\n\t\t\t\t<\/div>\n\t\t\t\t\t\t\t\t<\/div>\n\t\t\t\t<\/div>\n\t\t\t\t<\/div>\n\t\t<div class=\"elementor-element elementor-element-ed283e7 e-con-full e-flex e-con e-parent\" data-id=\"ed283e7\" data-element_type=\"container\" data-e-type=\"container\" id=\"serveis\">\n\t\t<div class=\"elementor-element elementor-element-ac3ce8d e-grid e-con-full e-con e-child\" data-id=\"ac3ce8d\" data-element_type=\"container\" data-e-type=\"container\">\n\t\t<a class=\"elementor-element elementor-element-ef43c27 e-con-full animated-slow e-flex elementor-invisible e-con e-child\" data-id=\"ef43c27\" data-element_type=\"container\" data-e-type=\"container\" data-settings=\"{&quot;background_background&quot;:&quot;gradient&quot;,&quot;animation&quot;:&quot;zoomIn&quot;,&quot;animation_mobile&quot;:&quot;none&quot;,&quot;animation_delay&quot;:100}\" href=\"https:\/\/www.ltcandgroup.com\/expositores-y-displays\/\">\n\t\t\t\t<div class=\"elementor-element elementor-element-73179bc elementor-invisible elementor-widget elementor-widget-heading\" data-id=\"73179bc\" data-element_type=\"widget\" data-e-type=\"widget\" data-settings=\"{&quot;_animation&quot;:&quot;bounce&quot;,&quot;_animation_mobile&quot;:&quot;none&quot;,&quot;_animation_delay&quot;:300}\" data-widget_type=\"heading.default\">\n\t\t\t\t<div class=\"elementor-widget-container\">\n\t\t\t\t\t<h2 class=\"elementor-heading-title elementor-size-default\">Expositors i <span class=\"gradient-text\">Displays.<\/span><\/h2>\t\t\t\t<\/div>\n\t\t\t\t<\/div>\n\t\t\t\t<div class=\"elementor-element elementor-element-06947ed elementor-headline--style-rotate elementor-hidden-desktop elementor-hidden-tablet elementor-hidden-mobile elementor-invisible elementor-widget elementor-widget-animated-headline\" data-id=\"06947ed\" data-element_type=\"widget\" data-e-type=\"widget\" data-settings=\"{&quot;headline_style&quot;:&quot;rotate&quot;,&quot;rotating_text&quot;:&quot;L\\u00ednies atractives.&lt;br&gt;Impacte visual.&quot;,&quot;_animation&quot;:&quot;zoomIn&quot;,&quot;_animation_mobile&quot;:&quot;none&quot;,&quot;_animation_delay&quot;:50,&quot;animation_type&quot;:&quot;typing&quot;,&quot;loop&quot;:&quot;yes&quot;,&quot;rotate_iteration_delay&quot;:2500}\" data-widget_type=\"animated-headline.default\">\n\t\t\t\t<div class=\"elementor-widget-container\">\n\t\t\t\t\t\t\t<div class=\"elementor-headline elementor-headline-animation-type-typing elementor-headline-letters\">\n\t\t\t\t\t<span class=\"elementor-headline-plain-text elementor-headline-text-wrapper\"><span class=\"gradient-text\">Disseny.<\/span><\/span>\n\t\t\t\t<span class=\"elementor-headline-dynamic-wrapper elementor-headline-text-wrapper\">\n\t\t\t\t\t<span class=\"elementor-headline-dynamic-text elementor-headline-text-active\">\n\t\t\t\tL\u00ednies&nbsp;atractives.<br>Impacte&nbsp;visual.\t\t\t<\/span>\n\t\t\t\t\t\t<\/span>\n\t\t\t\t<\/div>\n\t\t\t\t\t\t<\/div>\n\t\t\t\t<\/div>\n\t\t\t\t<div class=\"elementor-element elementor-element-1349d50 elementor-widget elementor-widget-image\" data-id=\"1349d50\" data-element_type=\"widget\" data-e-type=\"widget\" data-widget_type=\"image.default\">\n\t\t\t\t<div class=\"elementor-widget-container\">\n\t\t\t\t\t\t\t\t\t\t\t\t\t\t\t<img fetchpriority=\"high\" decoding=\"async\" width=\"2560\" height=\"1810\" src=\"https:\/\/www.ltcandgroup.com\/wp-content\/uploads\/2025\/05\/PORTADA-EXPOSITORES.png\" class=\"attachment-full size-full wp-image-1440\" alt=\"\" srcset=\"https:\/\/www.ltcandgroup.com\/wp-content\/uploads\/2025\/05\/PORTADA-EXPOSITORES.png 2560w, https:\/\/www.ltcandgroup.com\/wp-content\/uploads\/2025\/05\/PORTADA-EXPOSITORES-300x212.png 300w, https:\/\/www.ltcandgroup.com\/wp-content\/uploads\/2025\/05\/PORTADA-EXPOSITORES-1024x724.png 1024w, https:\/\/www.ltcandgroup.com\/wp-content\/uploads\/2025\/05\/PORTADA-EXPOSITORES-768x543.png 768w, https:\/\/www.ltcandgroup.com\/wp-content\/uploads\/2025\/05\/PORTADA-EXPOSITORES-1536x1086.png 1536w, https:\/\/www.ltcandgroup.com\/wp-content\/uploads\/2025\/05\/PORTADA-EXPOSITORES-2048x1448.png 2048w\" sizes=\"(max-width: 2560px) 100vw, 2560px\" \/>\t\t\t\t\t\t\t\t\t\t\t\t\t\t\t<\/div>\n\t\t\t\t<\/div>\n\t\t\t\t<\/a>\n\t\t<a class=\"elementor-element elementor-element-5130dbb e-con-full animated-slow e-flex elementor-invisible e-con e-child\" data-id=\"5130dbb\" data-element_type=\"container\" data-e-type=\"container\" data-settings=\"{&quot;background_background&quot;:&quot;gradient&quot;,&quot;animation&quot;:&quot;zoomIn&quot;,&quot;animation_mobile&quot;:&quot;none&quot;,&quot;animation_delay&quot;:200}\" href=\"https:\/\/www.ltcandgroup.com\/espacios-singulares\/\">\n\t\t\t\t<div class=\"elementor-element elementor-element-343c9ba elementor-invisible elementor-widget elementor-widget-heading\" data-id=\"343c9ba\" data-element_type=\"widget\" data-e-type=\"widget\" data-settings=\"{&quot;_animation&quot;:&quot;bounce&quot;,&quot;_animation_mobile&quot;:&quot;none&quot;,&quot;_animation_delay&quot;:300}\" data-widget_type=\"heading.default\">\n\t\t\t\t<div class=\"elementor-widget-container\">\n\t\t\t\t\t<h2 class=\"elementor-heading-title elementor-size-default\">Espais <span class=\"gradient-text\">singulars.<\/span><\/h2>\t\t\t\t<\/div>\n\t\t\t\t<\/div>\n\t\t\t\t<div class=\"elementor-element elementor-element-1d45413 elementor-headline--style-rotate elementor-hidden-desktop elementor-hidden-tablet elementor-hidden-mobile elementor-invisible elementor-widget elementor-widget-animated-headline\" data-id=\"1d45413\" data-element_type=\"widget\" data-e-type=\"widget\" data-settings=\"{&quot;headline_style&quot;:&quot;rotate&quot;,&quot;rotating_text&quot;:&quot;Nous materials.&lt;br&gt;Tecnologia.&quot;,&quot;_animation&quot;:&quot;zoomIn&quot;,&quot;_animation_mobile&quot;:&quot;none&quot;,&quot;_animation_delay&quot;:50,&quot;animation_type&quot;:&quot;typing&quot;,&quot;loop&quot;:&quot;yes&quot;,&quot;rotate_iteration_delay&quot;:2500}\" data-widget_type=\"animated-headline.default\">\n\t\t\t\t<div class=\"elementor-widget-container\">\n\t\t\t\t\t\t\t<div class=\"elementor-headline elementor-headline-animation-type-typing elementor-headline-letters\">\n\t\t\t\t\t<span class=\"elementor-headline-plain-text elementor-headline-text-wrapper\"><span class=\"gradient-text\">Innovaci\u00f3.<\/span><\/span>\n\t\t\t\t<span class=\"elementor-headline-dynamic-wrapper elementor-headline-text-wrapper\">\n\t\t\t\t\t<span class=\"elementor-headline-dynamic-text elementor-headline-text-active\">\n\t\t\t\tNous&nbsp;materials.<br>Tecnologia.\t\t\t<\/span>\n\t\t\t\t\t\t<\/span>\n\t\t\t\t<\/div>\n\t\t\t\t\t\t<\/div>\n\t\t\t\t<\/div>\n\t\t\t\t<div class=\"elementor-element elementor-element-a92e2df elementor-widget elementor-widget-image\" data-id=\"a92e2df\" data-element_type=\"widget\" data-e-type=\"widget\" data-widget_type=\"image.default\">\n\t\t\t\t<div class=\"elementor-widget-container\">\n\t\t\t\t\t\t\t\t\t\t\t\t\t\t\t<img decoding=\"async\" width=\"2560\" height=\"1810\" src=\"https:\/\/www.ltcandgroup.com\/wp-content\/uploads\/2025\/05\/CABECERAS-Y-PORTADA-SINGULARES.png\" class=\"attachment-full size-full wp-image-1441\" alt=\"\" srcset=\"https:\/\/www.ltcandgroup.com\/wp-content\/uploads\/2025\/05\/CABECERAS-Y-PORTADA-SINGULARES.png 2560w, https:\/\/www.ltcandgroup.com\/wp-content\/uploads\/2025\/05\/CABECERAS-Y-PORTADA-SINGULARES-300x212.png 300w, https:\/\/www.ltcandgroup.com\/wp-content\/uploads\/2025\/05\/CABECERAS-Y-PORTADA-SINGULARES-1024x724.png 1024w, https:\/\/www.ltcandgroup.com\/wp-content\/uploads\/2025\/05\/CABECERAS-Y-PORTADA-SINGULARES-768x543.png 768w, https:\/\/www.ltcandgroup.com\/wp-content\/uploads\/2025\/05\/CABECERAS-Y-PORTADA-SINGULARES-1536x1086.png 1536w, https:\/\/www.ltcandgroup.com\/wp-content\/uploads\/2025\/05\/CABECERAS-Y-PORTADA-SINGULARES-2048x1448.png 2048w\" sizes=\"(max-width: 2560px) 100vw, 2560px\" \/>\t\t\t\t\t\t\t\t\t\t\t\t\t\t\t<\/div>\n\t\t\t\t<\/div>\n\t\t\t\t<\/a>\n\t\t<a class=\"elementor-element elementor-element-15936a1 e-con-full animated-slow e-flex elementor-invisible e-con e-child\" data-id=\"15936a1\" data-element_type=\"container\" data-e-type=\"container\" data-settings=\"{&quot;background_background&quot;:&quot;gradient&quot;,&quot;animation&quot;:&quot;zoomIn&quot;,&quot;animation_mobile&quot;:&quot;none&quot;,&quot;animation_delay&quot;:300}\" href=\"https:\/\/www.ltcandgroup.com\/impacto-en-lineal\/\">\n\t\t\t\t<div class=\"elementor-element elementor-element-c8c3036 elementor-invisible elementor-widget elementor-widget-heading\" data-id=\"c8c3036\" data-element_type=\"widget\" data-e-type=\"widget\" data-settings=\"{&quot;_animation&quot;:&quot;bounce&quot;,&quot;_animation_mobile&quot;:&quot;none&quot;,&quot;_animation_delay&quot;:300}\" data-widget_type=\"heading.default\">\n\t\t\t\t<div class=\"elementor-widget-container\">\n\t\t\t\t\t<h2 class=\"elementor-heading-title elementor-size-default\">Impacte <span class=\"gradient-text\">en Lineal.<\/span><\/h2>\t\t\t\t<\/div>\n\t\t\t\t<\/div>\n\t\t\t\t<div class=\"elementor-element elementor-element-5b8a329 elementor-headline--style-rotate elementor-hidden-desktop elementor-hidden-tablet elementor-hidden-mobile elementor-invisible elementor-widget elementor-widget-animated-headline\" data-id=\"5b8a329\" data-element_type=\"widget\" data-e-type=\"widget\" data-settings=\"{&quot;headline_style&quot;:&quot;rotate&quot;,&quot;rotating_text&quot;:&quot;Memorables.&lt;br&gt;Diferenciadores.&quot;,&quot;_animation&quot;:&quot;zoomIn&quot;,&quot;_animation_mobile&quot;:&quot;none&quot;,&quot;_animation_delay&quot;:50,&quot;animation_type&quot;:&quot;typing&quot;,&quot;loop&quot;:&quot;yes&quot;,&quot;rotate_iteration_delay&quot;:2500}\" data-widget_type=\"animated-headline.default\">\n\t\t\t\t<div class=\"elementor-widget-container\">\n\t\t\t\t\t\t\t<div class=\"elementor-headline elementor-headline-animation-type-typing elementor-headline-letters\">\n\t\t\t\t\t<span class=\"elementor-headline-plain-text elementor-headline-text-wrapper\"><span class=\"gradient-text\">Experi\u00e8ncies.<\/span><\/span>\n\t\t\t\t<span class=\"elementor-headline-dynamic-wrapper elementor-headline-text-wrapper\">\n\t\t\t\t\t<span class=\"elementor-headline-dynamic-text elementor-headline-text-active\">\n\t\t\t\tMemorables.<br>Diferenciadores.\t\t\t<\/span>\n\t\t\t\t\t\t<\/span>\n\t\t\t\t<\/div>\n\t\t\t\t\t\t<\/div>\n\t\t\t\t<\/div>\n\t\t\t\t<div class=\"elementor-element elementor-element-15a1ca3 elementor-widget elementor-widget-image\" data-id=\"15a1ca3\" data-element_type=\"widget\" data-e-type=\"widget\" data-widget_type=\"image.default\">\n\t\t\t\t<div class=\"elementor-widget-container\">\n\t\t\t\t\t\t\t\t\t\t\t\t\t\t\t<img decoding=\"async\" width=\"2560\" height=\"1810\" src=\"https:\/\/www.ltcandgroup.com\/wp-content\/uploads\/2025\/05\/PORTADA-LINEALES.png\" class=\"attachment-full size-full wp-image-1442\" alt=\"\" srcset=\"https:\/\/www.ltcandgroup.com\/wp-content\/uploads\/2025\/05\/PORTADA-LINEALES.png 2560w, https:\/\/www.ltcandgroup.com\/wp-content\/uploads\/2025\/05\/PORTADA-LINEALES-300x212.png 300w, https:\/\/www.ltcandgroup.com\/wp-content\/uploads\/2025\/05\/PORTADA-LINEALES-1024x724.png 1024w, https:\/\/www.ltcandgroup.com\/wp-content\/uploads\/2025\/05\/PORTADA-LINEALES-768x543.png 768w, https:\/\/www.ltcandgroup.com\/wp-content\/uploads\/2025\/05\/PORTADA-LINEALES-1536x1086.png 1536w, https:\/\/www.ltcandgroup.com\/wp-content\/uploads\/2025\/05\/PORTADA-LINEALES-2048x1448.png 2048w\" sizes=\"(max-width: 2560px) 100vw, 2560px\" \/>\t\t\t\t\t\t\t\t\t\t\t\t\t\t\t<\/div>\n\t\t\t\t<\/div>\n\t\t\t\t<\/a>\n\t\t<a class=\"elementor-element elementor-element-58ec3b3 e-con-full animated-slow e-flex elementor-invisible e-con e-child\" data-id=\"58ec3b3\" data-element_type=\"container\" data-e-type=\"container\" data-settings=\"{&quot;background_background&quot;:&quot;gradient&quot;,&quot;animation&quot;:&quot;zoomIn&quot;,&quot;animation_mobile&quot;:&quot;none&quot;,&quot;animation_delay&quot;:300}\" href=\"https:\/\/www.ltcandgroup.com\/tematizacion-de-espacios\/\">\n\t\t\t\t<div class=\"elementor-element elementor-element-4c4581b elementor-invisible elementor-widget elementor-widget-heading\" data-id=\"4c4581b\" data-element_type=\"widget\" data-e-type=\"widget\" data-settings=\"{&quot;_animation&quot;:&quot;bounce&quot;,&quot;_animation_mobile&quot;:&quot;none&quot;,&quot;_animation_delay&quot;:300}\" data-widget_type=\"heading.default\">\n\t\t\t\t<div class=\"elementor-widget-container\">\n\t\t\t\t\t<h2 class=\"elementor-heading-title elementor-size-default\">Tematitzaci\u00f3 de <span class=\"gradient-text\">Espais.<\/span><\/h2>\t\t\t\t<\/div>\n\t\t\t\t<\/div>\n\t\t\t\t<div class=\"elementor-element elementor-element-fe54dad elementor-headline--style-rotate elementor-hidden-desktop elementor-hidden-tablet elementor-hidden-mobile elementor-invisible elementor-widget elementor-widget-animated-headline\" data-id=\"fe54dad\" data-element_type=\"widget\" data-e-type=\"widget\" data-settings=\"{&quot;headline_style&quot;:&quot;rotate&quot;,&quot;rotating_text&quot;:&quot;Gesti\\u00f3 eficient.&lt;br&gt;Recursos naturals.&quot;,&quot;_animation&quot;:&quot;zoomIn&quot;,&quot;_animation_mobile&quot;:&quot;none&quot;,&quot;_animation_delay&quot;:50,&quot;animation_type&quot;:&quot;typing&quot;,&quot;loop&quot;:&quot;yes&quot;,&quot;rotate_iteration_delay&quot;:2500}\" data-widget_type=\"animated-headline.default\">\n\t\t\t\t<div class=\"elementor-widget-container\">\n\t\t\t\t\t\t\t<div class=\"elementor-headline elementor-headline-animation-type-typing elementor-headline-letters\">\n\t\t\t\t\t<span class=\"elementor-headline-plain-text elementor-headline-text-wrapper\"><span class=\"gradient-text\">Sostenibilitat.<\/span><\/span>\n\t\t\t\t<span class=\"elementor-headline-dynamic-wrapper elementor-headline-text-wrapper\">\n\t\t\t\t\t<span class=\"elementor-headline-dynamic-text elementor-headline-text-active\">\n\t\t\t\tGesti\u00f3&nbsp;eficient.<br>Recursos&nbsp;naturals.\t\t\t<\/span>\n\t\t\t\t\t\t<\/span>\n\t\t\t\t<\/div>\n\t\t\t\t\t\t<\/div>\n\t\t\t\t<\/div>\n\t\t\t\t<div class=\"elementor-element elementor-element-30cb4a1 elementor-widget elementor-widget-image\" data-id=\"30cb4a1\" data-element_type=\"widget\" data-e-type=\"widget\" data-widget_type=\"image.default\">\n\t\t\t\t<div class=\"elementor-widget-container\">\n\t\t\t\t\t\t\t\t\t\t\t\t\t\t\t<img loading=\"lazy\" decoding=\"async\" width=\"2560\" height=\"1810\" src=\"https:\/\/www.ltcandgroup.com\/wp-content\/uploads\/2025\/06\/PORTADA-TEMATIZACION.jpg\" class=\"attachment-full size-full wp-image-1450\" alt=\"\" srcset=\"https:\/\/www.ltcandgroup.com\/wp-content\/uploads\/2025\/06\/PORTADA-TEMATIZACION.jpg 2560w, https:\/\/www.ltcandgroup.com\/wp-content\/uploads\/2025\/06\/PORTADA-TEMATIZACION-300x212.jpg 300w, https:\/\/www.ltcandgroup.com\/wp-content\/uploads\/2025\/06\/PORTADA-TEMATIZACION-1024x724.jpg 1024w, https:\/\/www.ltcandgroup.com\/wp-content\/uploads\/2025\/06\/PORTADA-TEMATIZACION-768x543.jpg 768w, https:\/\/www.ltcandgroup.com\/wp-content\/uploads\/2025\/06\/PORTADA-TEMATIZACION-1536x1086.jpg 1536w, https:\/\/www.ltcandgroup.com\/wp-content\/uploads\/2025\/06\/PORTADA-TEMATIZACION-2048x1448.jpg 2048w\" sizes=\"(max-width: 2560px) 100vw, 2560px\" \/>\t\t\t\t\t\t\t\t\t\t\t\t\t\t\t<\/div>\n\t\t\t\t<\/div>\n\t\t\t\t<\/a>\n\t\t\t\t<\/div>\n\t\t\t\t<\/div>\n\t\t<div class=\"elementor-element elementor-element-afdf035 e-con-full e-flex e-con e-parent\" data-id=\"afdf035\" data-element_type=\"container\" data-e-type=\"container\">\n\t\t<div class=\"elementor-element elementor-element-177b3d7 e-grid e-con-full e-con e-child\" data-id=\"177b3d7\" data-element_type=\"container\" data-e-type=\"container\">\n\t\t<a class=\"elementor-element elementor-element-636c77b e-con-full animated-slow e-flex elementor-invisible e-con e-child\" data-id=\"636c77b\" data-element_type=\"container\" data-e-type=\"container\" data-settings=\"{&quot;background_background&quot;:&quot;gradient&quot;,&quot;animation&quot;:&quot;zoomIn&quot;,&quot;animation_mobile&quot;:&quot;none&quot;,&quot;animation_delay&quot;:100}\" href=\"https:\/\/www.ltcandgroup.com\/plv-experiencial\/\">\n\t\t\t\t<div class=\"elementor-element elementor-element-0803015 elementor-widget elementor-widget-image\" data-id=\"0803015\" data-element_type=\"widget\" data-e-type=\"widget\" data-widget_type=\"image.default\">\n\t\t\t\t<div class=\"elementor-widget-container\">\n\t\t\t\t\t\t\t\t\t\t\t\t\t\t\t<img loading=\"lazy\" decoding=\"async\" width=\"512\" height=\"512\" src=\"https:\/\/www.ltcandgroup.com\/wp-content\/uploads\/2025\/05\/tocar-1.png\" class=\"elementor-animation-push attachment-full size-full wp-image-1390\" alt=\"\" srcset=\"https:\/\/www.ltcandgroup.com\/wp-content\/uploads\/2025\/05\/tocar-1.png 512w, https:\/\/www.ltcandgroup.com\/wp-content\/uploads\/2025\/05\/tocar-1-300x300.png 300w, https:\/\/www.ltcandgroup.com\/wp-content\/uploads\/2025\/05\/tocar-1-150x150.png 150w\" sizes=\"(max-width: 512px) 100vw, 512px\" \/>\t\t\t\t\t\t\t\t\t\t\t\t\t\t\t<\/div>\n\t\t\t\t<\/div>\n\t\t\t\t<div class=\"elementor-element elementor-element-735aa40 elementor-invisible elementor-widget elementor-widget-heading\" data-id=\"735aa40\" data-element_type=\"widget\" data-e-type=\"widget\" data-settings=\"{&quot;_animation&quot;:&quot;bounce&quot;,&quot;_animation_mobile&quot;:&quot;none&quot;,&quot;_animation_delay&quot;:300}\" data-widget_type=\"heading.default\">\n\t\t\t\t<div class=\"elementor-widget-container\">\n\t\t\t\t\t<h2 class=\"elementor-heading-title elementor-size-default\">PLV <span class=\"gradient-text\">Experiencial.<\/span><\/h2>\t\t\t\t<\/div>\n\t\t\t\t<\/div>\n\t\t\t\t<\/a>\n\t\t\t\t<\/div>\n\t\t\t\t<\/div>\n\t\t<div class=\"elementor-element elementor-element-4a24c16 e-con-full e-flex e-con e-parent\" data-id=\"4a24c16\" data-element_type=\"container\" data-e-type=\"container\" data-settings=\"{&quot;background_background&quot;:&quot;video&quot;,&quot;background_video_link&quot;:&quot;https:\\\/\\\/www.youtube.com\\\/watch?v=Qp_CtfrC97Y&amp;ab_channel=samuelrios&quot;,&quot;background_video_start&quot;:4,&quot;background_video_end&quot;:6,&quot;background_play_on_mobile&quot;:&quot;yes&quot;}\">\n\t\t<div class=\"elementor-background-video-container\">\n\t\t\t\t\t\t\t<div class=\"elementor-background-video-embed\" role=\"presentation\"><\/div>\n\t\t\t\t\t\t<\/div>\t\t<div class=\"elementor-element elementor-element-efd138f elementor-widget-tablet__width-initial elementor-invisible elementor-widget elementor-widget-heading\" data-id=\"efd138f\" data-element_type=\"widget\" data-e-type=\"widget\" data-settings=\"{&quot;_animation&quot;:&quot;zoomIn&quot;,&quot;_animation_mobile&quot;:&quot;none&quot;}\" data-widget_type=\"heading.default\">\n\t\t\t\t<div class=\"elementor-widget-container\">\n\t\t\t\t\t<h3 class=\"elementor-heading-title elementor-size-default\">Optimitza <span class=\"gradient-text\">el teu llan\u00e7ament de producte.<\/span><\/h3>\t\t\t\t<\/div>\n\t\t\t\t<\/div>\n\t\t\t\t<div class=\"elementor-element elementor-element-5d661df elementor-widget-mobile__width-initial elementor-invisible elementor-widget elementor-widget-heading\" data-id=\"5d661df\" data-element_type=\"widget\" data-e-type=\"widget\" data-settings=\"{&quot;_animation&quot;:&quot;fadeInUp&quot;,&quot;_animation_mobile&quot;:&quot;none&quot;}\" data-widget_type=\"heading.default\">\n\t\t\t\t<div class=\"elementor-widget-container\">\n\t\t\t\t\t<div class=\"elementor-heading-title elementor-size-default\">Experi\u00e8ncia \u00fanica i memorable.<\/div>\t\t\t\t<\/div>\n\t\t\t\t<\/div>\n\t\t\t\t<div class=\"elementor-element elementor-element-f3dba68 elementor-invisible elementor-widget elementor-widget-button\" data-id=\"f3dba68\" data-element_type=\"widget\" data-e-type=\"widget\" data-settings=\"{&quot;_animation&quot;:&quot;fadeInUp&quot;,&quot;_animation_mobile&quot;:&quot;none&quot;}\" data-widget_type=\"button.default\">\n\t\t\t\t<div class=\"elementor-widget-container\">\n\t\t\t\t\t\t\t\t\t<div class=\"elementor-button-wrapper\">\n\t\t\t\t\t<a class=\"elementor-button elementor-button-link elementor-size-sm elementor-animation-sink\" href=\"https:\/\/www.ltcandgroup.com\/ca\/contacte\/\">\n\t\t\t\t\t\t<span class=\"elementor-button-content-wrapper\">\n\t\t\t\t\t\t\t\t\t<span class=\"elementor-button-text\">Contacta'ns<\/span>\n\t\t\t\t\t<\/span>\n\t\t\t\t\t<\/a>\n\t\t\t\t<\/div>\n\t\t\t\t\t\t\t\t<\/div>\n\t\t\t\t<\/div>\n\t\t\t\t<\/div>\n\t\t\t\t<\/div>\n\t\t","protected":false},"excerpt":{"rendered":"<p>LTC&amp;GROUP. PLV DIFERENCIAL. Nous&nbsp;temps! Noves&nbsp;propostes! Coneix-nos Expositors i Displays. Disseny. L\u00ednies&nbsp;atractives.Impacte&nbsp;visual. Espais singulars. Innovaci\u00f3. Nous&nbsp;materials.Tecnologia. Impacte en Lineal. Experi\u00e8ncies. Memorables.Diferenciadores. Tematitzaci\u00f3 de Espais. Sostenibilitat. Gesti\u00f3&nbsp;eficient.Recursos&nbsp;naturals. PLV Experiencial. Optimitza el teu llan\u00e7ament de producte. Experi\u00e8ncia \u00fanica i memorable. Contacta&#8217;ns<\/p>\n","protected":false},"author":1,"featured_media":0,"parent":0,"menu_order":0,"comment_status":"closed","ping_status":"closed","template":"page-templates\/pagebuilder.php","meta":{"zakra_page_container_layout":"customizer","zakra_page_sidebar_layout":"customizer","zakra_remove_content_margin":false,"zakra_sidebar":"customizer","zakra_transparent_header":"customizer","zakra_logo":0,"zakra_main_header_style":"default","zakra_menu_item_color":"","zakra_menu_item_hover_color":"","zakra_menu_item_active_color":"","zakra_menu_active_style":"","zakra_page_header":true,"inline_featured_image":false,"footnotes":""},"class_list":["post-1431","page","type-page","status-publish","hentry"],"_links":{"self":[{"href":"https:\/\/www.ltcandgroup.com\/ca\/wp-json\/wp\/v2\/pages\/1431","targetHints":{"allow":["GET"]}}],"collection":[{"href":"https:\/\/www.ltcandgroup.com\/ca\/wp-json\/wp\/v2\/pages"}],"about":[{"href":"https:\/\/www.ltcandgroup.com\/ca\/wp-json\/wp\/v2\/types\/page"}],"author":[{"embeddable":true,"href":"https:\/\/www.ltcandgroup.com\/ca\/wp-json\/wp\/v2\/users\/1"}],"replies":[{"embeddable":true,"href":"https:\/\/www.ltcandgroup.com\/ca\/wp-json\/wp\/v2\/comments?post=1431"}],"version-history":[{"count":12,"href":"https:\/\/www.ltcandgroup.com\/ca\/wp-json\/wp\/v2\/pages\/1431\/revisions"}],"predecessor-version":[{"id":1500,"href":"https:\/\/www.ltcandgroup.com\/ca\/wp-json\/wp\/v2\/pages\/1431\/revisions\/1500"}],"wp:attachment":[{"href":"https:\/\/www.ltcandgroup.com\/ca\/wp-json\/wp\/v2\/media?parent=1431"}],"curies":[{"name":"wp","href":"https:\/\/api.w.org\/{rel}","templated":true}]}}