{"id":1412,"date":"2025-04-30T11:32:45","date_gmt":"2025-04-30T09:32:45","guid":{"rendered":"https:\/\/www.ltcandgroup.com\/qui-som\/"},"modified":"2025-07-29T12:21:19","modified_gmt":"2025-07-29T10:21:19","slug":"qui-som","status":"publish","type":"page","link":"https:\/\/www.ltcandgroup.com\/ca\/qui-som\/","title":{"rendered":"Qui som."},"content":{"rendered":"\t\t<div data-elementor-type=\"wp-page\" data-elementor-id=\"1412\" class=\"elementor elementor-1412 elementor-22\" data-elementor-post-type=\"page\">\n\t\t\t\t<div class=\"elementor-element elementor-element-a38a1d5 e-flex e-con-boxed elementor-invisible e-con e-parent\" data-id=\"a38a1d5\" data-element_type=\"container\" data-e-type=\"container\" data-settings=\"{&quot;animation&quot;:&quot;fadeInUp&quot;,&quot;animation_mobile&quot;:&quot;none&quot;}\">\n\t\t\t\t\t<div class=\"e-con-inner\">\n\t\t<div class=\"elementor-element elementor-element-6c4bc82 e-con-full e-flex e-con e-child\" data-id=\"6c4bc82\" data-element_type=\"container\" data-e-type=\"container\">\n\t\t\t\t<div class=\"elementor-element elementor-element-870629c elementor-widget__width-initial elementor-widget elementor-widget-heading\" data-id=\"870629c\" data-element_type=\"widget\" data-e-type=\"widget\" data-widget_type=\"heading.default\">\n\t\t\t\t<div class=\"elementor-widget-container\">\n\t\t\t\t\t<h1 class=\"elementor-heading-title elementor-size-default\">Qui som.<\/h1>\t\t\t\t<\/div>\n\t\t\t\t<\/div>\n\t\t\t\t<\/div>\n\t\t<div class=\"elementor-element elementor-element-de01de2 e-con-full e-flex e-con e-child\" data-id=\"de01de2\" data-element_type=\"container\" data-e-type=\"container\">\n\t\t\t\t<div class=\"elementor-element elementor-element-e8f539d elementor-widget__width-initial elementor-widget elementor-widget-heading\" data-id=\"e8f539d\" data-element_type=\"widget\" data-e-type=\"widget\" data-widget_type=\"heading.default\">\n\t\t\t\t<div class=\"elementor-widget-container\">\n\t\t\t\t\t<h2 class=\"elementor-heading-title elementor-size-default\"><span class=\"gradient-text\">Nova comunicaci\u00f3.<\/span><\/h2>\t\t\t\t<\/div>\n\t\t\t\t<\/div>\n\t\t\t\t<\/div>\n\t\t\t\t\t<\/div>\n\t\t\t\t<\/div>\n\t\t<div class=\"elementor-element elementor-element-45e166a e-flex e-con-boxed e-con e-parent\" data-id=\"45e166a\" data-element_type=\"container\" data-e-type=\"container\">\n\t\t\t\t\t<div class=\"e-con-inner\">\n\t\t<div class=\"elementor-element elementor-element-30006e8 e-con-full e-flex e-con e-child\" data-id=\"30006e8\" data-element_type=\"container\" data-e-type=\"container\">\n\t\t\t\t<div class=\"elementor-element elementor-element-89fe8e8 elementor-widget__width-initial elementor-invisible elementor-widget elementor-widget-heading\" data-id=\"89fe8e8\" data-element_type=\"widget\" data-e-type=\"widget\" data-settings=\"{&quot;_animation&quot;:&quot;fadeInUp&quot;,&quot;_animation_mobile&quot;:&quot;none&quot;}\" data-widget_type=\"heading.default\">\n\t\t\t\t<div class=\"elementor-widget-container\">\n\t\t\t\t\t<h3 class=\"elementor-heading-title elementor-size-default\">Equip <strong>multidisciplinar<\/strong> que abasta les diferents \u00e0rees del servei (Disseny, fabricaci\u00f3, distribuci\u00f3 i log\u00edstica) oferint un <strong>servei integral al client<\/strong> que disposa aix\u00ed d'un <strong>interlocutor \u00fanic i directe<\/strong>.<\/h3>\t\t\t\t<\/div>\n\t\t\t\t<\/div>\n\t\t\t\t<div class=\"elementor-element elementor-element-4656a00 elementor-invisible elementor-widget elementor-widget-image\" data-id=\"4656a00\" data-element_type=\"widget\" data-e-type=\"widget\" data-settings=\"{&quot;_animation&quot;:&quot;zoomIn&quot;,&quot;_animation_mobile&quot;:&quot;none&quot;}\" data-widget_type=\"image.default\">\n\t\t\t\t<div class=\"elementor-widget-container\">\n\t\t\t\t\t\t\t\t\t\t\t\t\t\t\t<img fetchpriority=\"high\" decoding=\"async\" width=\"1024\" height=\"1024\" src=\"https:\/\/www.ltcandgroup.com\/wp-content\/uploads\/2025\/05\/pngwing.com-34.png\" class=\"attachment-full size-full wp-image-1413\" alt=\"\" srcset=\"https:\/\/www.ltcandgroup.com\/wp-content\/uploads\/2025\/05\/pngwing.com-34.png 1024w, https:\/\/www.ltcandgroup.com\/wp-content\/uploads\/2025\/05\/pngwing.com-34-300x300.png 300w, https:\/\/www.ltcandgroup.com\/wp-content\/uploads\/2025\/05\/pngwing.com-34-150x150.png 150w, https:\/\/www.ltcandgroup.com\/wp-content\/uploads\/2025\/05\/pngwing.com-34-768x768.png 768w\" sizes=\"(max-width: 1024px) 100vw, 1024px\" \/>\t\t\t\t\t\t\t\t\t\t\t\t\t\t\t<\/div>\n\t\t\t\t<\/div>\n\t\t\t\t<\/div>\n\t\t<div class=\"elementor-element elementor-element-20cca17 e-con-full e-flex e-con e-child\" data-id=\"20cca17\" data-element_type=\"container\" data-e-type=\"container\">\n\t\t\t\t<div class=\"elementor-element elementor-element-e101c6d elementor-widget__width-initial elementor-invisible elementor-widget elementor-widget-text-editor\" data-id=\"e101c6d\" data-element_type=\"widget\" data-e-type=\"widget\" data-settings=\"{&quot;_animation&quot;:&quot;fadeInUp&quot;,&quot;_animation_mobile&quot;:&quot;none&quot;}\" data-widget_type=\"text-editor.default\">\n\t\t\t\t<div class=\"elementor-widget-container\">\n\t\t\t\t\t\t\t\t\t<p>L&#8217;aven\u00e7 de la interacci\u00f3 humana a trav\u00e9s de les noves tecnologies obliguen a una <strong>transformaci\u00f3 en la comunicaci\u00f3<\/strong> que permeti adaptar-se als nous temps, aix\u00ed com a la nova tipologia d&#8217;usuari.<\/p>\n<p>La Nova Comunicaci\u00f3 s&#8217;ha de dissenyar per <strong>impactar i transmetre continguts que captin l&#8217;atenci\u00f3 del consumidor<\/strong>.<\/p>\n<p>A <strong>LTC&amp;GROUP<\/strong>, desenvolupem solucions d&#8217;impacte dirigint el missatge als sentits i propiciant interacci\u00f3, amb l&#8217;objectiu de transformar la comunicaci\u00f3 al Punt de Venda, adaptant-la a un nou escenari m\u00e9s innovador i ajustat a la realitat actual.<\/p>\n\t\t\t\t\t\t\t\t<\/div>\n\t\t\t\t<\/div>\n\t\t\t\t<\/div>\n\t\t\t\t\t<\/div>\n\t\t\t\t<\/div>\n\t\t<div class=\"elementor-element elementor-element-8261c8d e-con-full e-flex e-con e-parent\" data-id=\"8261c8d\" data-element_type=\"container\" data-e-type=\"container\" data-settings=\"{&quot;background_background&quot;:&quot;gradient&quot;}\">\n\t\t\t\t<div class=\"elementor-element elementor-element-d0581e9 elementor-widget-tablet__width-initial elementor-invisible elementor-widget elementor-widget-heading\" data-id=\"d0581e9\" data-element_type=\"widget\" data-e-type=\"widget\" data-settings=\"{&quot;_animation&quot;:&quot;zoomIn&quot;,&quot;_animation_mobile&quot;:&quot;none&quot;}\" data-widget_type=\"heading.default\">\n\t\t\t\t<div class=\"elementor-widget-container\">\n\t\t\t\t\t<h3 class=\"elementor-heading-title elementor-size-default\">Difer\u00e8ncia <span class=\"gradient-text\">la teva comunicaci\u00f3.<\/span><\/h3>\t\t\t\t<\/div>\n\t\t\t\t<\/div>\n\t\t\t\t<div class=\"elementor-element elementor-element-5178fa0 elementor-widget-mobile__width-initial elementor-invisible elementor-widget elementor-widget-heading\" data-id=\"5178fa0\" data-element_type=\"widget\" data-e-type=\"widget\" data-settings=\"{&quot;_animation&quot;:&quot;fadeInUp&quot;,&quot;_animation_mobile&quot;:&quot;none&quot;}\" data-widget_type=\"heading.default\">\n\t\t\t\t<div class=\"elementor-widget-container\">\n\t\t\t\t\t<div class=\"elementor-heading-title elementor-size-default\">Demana una visita personalitzada<\/div>\t\t\t\t<\/div>\n\t\t\t\t<\/div>\n\t\t\t\t<div class=\"elementor-element elementor-element-6150a3c elementor-invisible elementor-widget elementor-widget-button\" data-id=\"6150a3c\" data-element_type=\"widget\" data-e-type=\"widget\" data-settings=\"{&quot;_animation&quot;:&quot;fadeInUp&quot;,&quot;_animation_mobile&quot;:&quot;none&quot;}\" data-widget_type=\"button.default\">\n\t\t\t\t<div class=\"elementor-widget-container\">\n\t\t\t\t\t\t\t\t\t<div class=\"elementor-button-wrapper\">\n\t\t\t\t\t<a class=\"elementor-button elementor-button-link elementor-size-sm elementor-animation-sink\" href=\"https:\/\/www.ltcandgroup.com\/ca\/contacte\/\">\n\t\t\t\t\t\t<span class=\"elementor-button-content-wrapper\">\n\t\t\t\t\t\t\t\t\t<span class=\"elementor-button-text\">Contacta'ns<\/span>\n\t\t\t\t\t<\/span>\n\t\t\t\t\t<\/a>\n\t\t\t\t<\/div>\n\t\t\t\t\t\t\t\t<\/div>\n\t\t\t\t<\/div>\n\t\t\t\t<\/div>\n\t\t\t\t<\/div>\n\t\t","protected":false},"excerpt":{"rendered":"<p>Nova comunicaci\u00f3. Equip multidisciplinar que abasta les diferents \u00e0rees del servei (Disseny, fabricaci\u00f3, distribuci\u00f3 i log\u00edstica) oferint un servei integral al client que disposa aix\u00ed d&#8217;un interlocutor \u00fanic i directe. L&#8217;aven\u00e7 de la interacci\u00f3 humana a trav\u00e9s de les noves tecnologies obliguen a una transformaci\u00f3 en la comunicaci\u00f3 que permeti adaptar-se als nous temps, aix\u00ed [&hellip;]<\/p>\n","protected":false},"author":1,"featured_media":0,"parent":0,"menu_order":0,"comment_status":"closed","ping_status":"closed","template":"page-templates\/pagebuilder.php","meta":{"zakra_page_container_layout":"customizer","zakra_page_sidebar_layout":"customizer","zakra_remove_content_margin":false,"zakra_sidebar":"customizer","zakra_transparent_header":"customizer","zakra_logo":0,"zakra_main_header_style":"default","zakra_menu_item_color":"","zakra_menu_item_hover_color":"","zakra_menu_item_active_color":"","zakra_menu_active_style":"","zakra_page_header":true,"inline_featured_image":false,"footnotes":""},"class_list":["post-1412","page","type-page","status-publish","hentry"],"_links":{"self":[{"href":"https:\/\/www.ltcandgroup.com\/ca\/wp-json\/wp\/v2\/pages\/1412","targetHints":{"allow":["GET"]}}],"collection":[{"href":"https:\/\/www.ltcandgroup.com\/ca\/wp-json\/wp\/v2\/pages"}],"about":[{"href":"https:\/\/www.ltcandgroup.com\/ca\/wp-json\/wp\/v2\/types\/page"}],"author":[{"embeddable":true,"href":"https:\/\/www.ltcandgroup.com\/ca\/wp-json\/wp\/v2\/users\/1"}],"replies":[{"embeddable":true,"href":"https:\/\/www.ltcandgroup.com\/ca\/wp-json\/wp\/v2\/comments?post=1412"}],"version-history":[{"count":1,"href":"https:\/\/www.ltcandgroup.com\/ca\/wp-json\/wp\/v2\/pages\/1412\/revisions"}],"predecessor-version":[{"id":1415,"href":"https:\/\/www.ltcandgroup.com\/ca\/wp-json\/wp\/v2\/pages\/1412\/revisions\/1415"}],"wp:attachment":[{"href":"https:\/\/www.ltcandgroup.com\/ca\/wp-json\/wp\/v2\/media?parent=1412"}],"curies":[{"name":"wp","href":"https:\/\/api.w.org\/{rel}","templated":true}]}}