{"id":1407,"date":"2025-04-30T11:52:32","date_gmt":"2025-04-30T09:52:32","guid":{"rendered":"https:\/\/www.ltcandgroup.com\/proteccio-dades\/"},"modified":"2025-07-29T11:48:39","modified_gmt":"2025-07-29T09:48:39","slug":"proteccio-dades","status":"publish","type":"page","link":"https:\/\/www.ltcandgroup.com\/ca\/proteccio-dades\/","title":{"rendered":"Protecci\u00f3 Dades"},"content":{"rendered":"\n<p><strong>CONTINGUT DE LA PESTANYA UBICADA A LA HOME DEL WEB SITE<\/strong><\/p>\n\n<p><strong>http:\/\/www.ltcandgroup.com\/protecciondatos<\/strong><\/p>\n\n<figure class=\"wp-block-table\"><table class=\"has-fixed-layout\"><tbody><tr><td colspan=\"2\"><strong>Informaci\u00f3 addicional sobre Protecci\u00f3 de Dades<\/strong><\/td><\/tr><tr><td colspan=\"2\">En compliment de la normativa legal vigent en mat\u00e8ria de protecci\u00f3 de dades personals, se us comunica que abans de signar qualsevol sol\u00b7licitud i\/o facilitar les vostres dades personals, heu de llegir la informaci\u00f3 b\u00e0sica sobre protecci\u00f3 de dades aqu\u00ed esmentada i se us recomana que, en defensa dels vostres drets, consulteu i amplieu la informaci\u00f3 addicional sobre el tractament de les vostres dades personals, a trav\u00e9s de l&#8217;enlla\u00e7 que es facilita en aquesta clausula.<\/td><\/tr><tr><td><strong>Responsable<\/strong><\/td><td>El\u00a0<strong>Responsable del Tractament\u00a0<\/strong>de les vostres dades personals \u00e9s:<strong>LTC&amp;GROUP<\/strong>C\/Margarit \u2013 N\u00ba12, 3\u00ba 4\u00aa, 08755 Castellbisbal, Barcelona.CIF: \u00a0B65543654Les dades de contacte del Delegat href=&#8221;mailto:dpd@ltcandgroup.com&#8221;&gt;dpd@ltcandgroup.comPoden adre\u00e7ar-s&#8217;hi per a qualsevol q\u00fcesti\u00f3 relacionada amb el tractament de dades personals.<\/td><\/tr><tr><td>E<strong>Finalitat<\/strong><\/td><td>Les dades personals objecte de tractament en aquesta entitat ho s\u00f3n per a fins determinades, expl\u00edcites i leg\u00edtimes, concretament, donar compliment a la relaci\u00f3 contractual establerta, normalment pel vincle generat entre l&#8217;entitat i l&#8217;interessat, aix\u00ed com tot el que se&#8217;n deriva, ent\u00e8s com a necessari per complir amb el que estableix la normativa vigent i en la relaci\u00f3 contractual. \u00c9s possible que es produeixi com pot ser gestionar l&#8217;enviament d&#8217;informaci\u00f3 del vostre inter\u00e8s o millorar la relaci\u00f3. Tot aix\u00f2, sempre que s&#8217;estigui legalment legitimat per fer-ho. S&#8217;informa que no es prendran decisions automatitzades sobre la base de perfils comercials. Les dades personals proporcionades es conservaran mentre es mantingui la relaci\u00f3 contractual i, posteriorment a aquesta, es conservaran degudament bloquejades mentre no se sol\u00b7licite la supressi\u00f3 per l&#8217;interessat durant el temps que la legislaci\u00f3 obliga o per un termini de 15 anys, a partir de la finalitzaci\u00f3 de la relaci\u00f3 contractual les \u00faniques excepcions per a aquells sup\u00f2sits en qu\u00e8 la llei estableixi altres per\u00edodes obligats de conservaci\u00f3. No obstant i llevat que l&#8217;interessat revoqui el consentiment atorgat, es mantindran en actiu les dades m\u00ednimes de contacte que permetin informar-lo de temes del vostre inter\u00e8s. La\u00a0<strong>Finalitat<\/strong>\u00a0principal del tractament \u00e9s el compliment d&#8217;una obligaci\u00f3 legal i mantenir la relaci\u00f3 contractual.<\/td><\/tr><tr><td><strong>Legitimaci\u00f3<\/strong><\/td><td>La legitimaci\u00f3 per tractar les dades personals en aquesta entitat t\u00e9 l&#8217;origen en el compliment d&#8217;una obligaci\u00f3 legal; la relaci\u00f3 contractual establerta entre l&#8217;entitat i l&#8217;usuari, aix\u00ed com les obligacions dimanants de la legislaci\u00f3 vigent. En cap cas la retirada d&#8217;aquest consentiment condiciona l&#8217;execuci\u00f3 del contracte ni els serveis propis proporcionats a l&#8217;interessat en virtut del contracte. Quan hi hagi una obligaci\u00f3 contractual, cal facilitar les dades sol\u00b7licitades. La negativa a proporcionar-los pot comportar la impossibilitat de materialitzar les obligacions contemplades legalment.<\/td><\/tr><tr><td><strong>Destinataris<\/strong><\/td><td>El destinatari de les dades personals objecte de tractament \u00e9s la pr\u00f2pia entitat, ja sigui per a fins administratius, jur\u00eddiques internes, o de les pr\u00f2pies de l&#8217;activitat principalment; no obstant aix\u00f2, per al compliment contractual i la materialitzaci\u00f3 dels fins leg\u00edtims de l&#8217;entitat, \u00e9s possible que sigui necess\u00e0ria la comunicaci\u00f3, l&#8217;acc\u00e9s i\/o tractament de les dades personals per part de tercers. Tamb\u00e9 \u00e9s possible que els destinataris siguin encarregats de tractament i\/o professionals especialitzats.<strong>L&#8217;entitat| legal. D&#8217;igual forma, l&#8217;entitat contracta \u00a0part de la seva infraestructura virtual, segons un model de \u201ccomputaci\u00f3 al n\u00favol\u201d, per la qual cosa t\u00e9 encarregats de tractament amb servidors ubicats a la UE, o els EUA; en aquest darrer sup\u00f2sit, a trav\u00e9s de l&#8217;empara propiciada per l&#8217;acord EU-US Privacy Shield. En qualsevol cas i sempre que la legislaci\u00f3 permeti aquests accessos i\/o tractaments, aquests es realitzaran pr\u00e8via exist\u00e8ncia de contracte entre Responsable de Tractament i Encarregat de Tractament i\/o amb les previsions legals que la normativa estableixi. Els\u00a0<strong>Destinataris\u00a0<\/strong>de les seves dades personals s\u00f3n aquelles a qu\u00e8 la Llei obliga i tercers encarregats de tractament, que siguin necessaris per donar compliment a aquesta relaci\u00f3.<\/strong><\/td><\/tr><tr><td><strong>Tratamientos sensibles<\/strong><\/td><td>En cas de produir-se tractament que impliquin dades sensibles per <strong>l&#8217;entitat<\/strong>(per personal propi o ali\u00e8), s&#8217;obliga al secret professional de les persones que hi accedeixin. Aix\u00ed mateix, l&#8217;entitat nom\u00e9s podr\u00e0 comunicar les seves dades personals incloses les sensibles sempre que aquesta comunicaci\u00f3 sigui necess\u00e0ria per complir amb la finalitat leg\u00edtima. Tamb\u00e9 es pot produir la Prestaci\u00f3 de serveis de gesti\u00f3 administrativa: la gesti\u00f3 administrativa dels serveis prestats (p. ex., gesti\u00f3 de cites, pagaments, cobraments i factura.) El compliment de les obligacions legals pot requerir la cessi\u00f3 de les vostres dades.<\/td><\/tr><tr><td><strong>Drets<\/strong><\/td><td>Qualsevol persona t\u00e9 dret a obtenir confirmaci\u00f3 sobre si a l&#8217;entitat s&#8217;estan tractant dades personals que els concerneixin, o no. En aquesta entitat es col\u00b7labora en el compliment de la legalitat vigent, especialment en mat\u00e8ria de protecci\u00f3 de dades personals. que van ser recollits. Si els interessats aix\u00ed ho consideren i la legalitat ho permet, podran sol\u00b7licitar la limitaci\u00f3 del tractament de les seves dades, cas en qu\u00e8 \u00fanicament es conservaran per a l&#8217;exercici o la defensa de reclamacions, atenci\u00f3 a requeriments judicials oa exig\u00e8ncies legals. En determinades circumst\u00e0ncies i per motius relacionats amb la seva situaci\u00f3 particular, els interessats podran oposar-se al tractament de les seves dades. L&#8217;entitat deixar\u00e0 de tractar les dades, llevat de les circumst\u00e0ncies esmentades a l&#8217;ep\u00edgraf anterior. De la mateixa manera, l&#8217;entitat reconeix i at\u00e9n qualsevol altre dret que la legislaci\u00f3 vigent reconegui qualsevol usuari. Podeu exercir els vostres drets a revocar, accedir, rectificar, oposar-vos, limitar, portar i suprimir les dades, aix\u00ed com altres drets que la Llei reconegui a l&#8217;interessat, mitjan\u00e7ant escrit dirigit al responsable del tractament.<\/td><\/tr><tr><td><strong>Proced\u00e8ncia<\/strong><\/td><td>Les dades personals accedides, tractades i conservades en aquesta entitat, s\u00f3n les facilitades pels propis interessats i s\u00f3n les adequades, pertinents i limitades necess\u00e0ries per a la materialitzaci\u00f3 del que \u00e9s legalment exigible i la relaci\u00f3 contractual. experi\u00e8ncia d&#8217;usuari. A totes les dades personals obrants en aquesta entitat, se li apliquen les mesures de seguretat corresponents i la resta de requisits exigibles per la vigent normativa de protecci\u00f3 de dades personals.<\/td><\/tr><\/tbody><\/table><\/figure>\n","protected":false},"excerpt":{"rendered":"<p>CONTINGUT DE LA PESTANYA UBICADA A LA HOME DEL WEB SITE http:\/\/www.ltcandgroup.com\/protecciondatos Informaci\u00f3 addicional sobre Protecci\u00f3 de Dades En compliment de la normativa legal vigent en mat\u00e8ria de protecci\u00f3 de dades personals, se us comunica que abans de signar qualsevol sol\u00b7licitud i\/o facilitar les vostres dades personals, heu de llegir la informaci\u00f3 b\u00e0sica sobre protecci\u00f3 [&hellip;]<\/p>\n","protected":false},"author":1,"featured_media":0,"parent":0,"menu_order":0,"comment_status":"closed","ping_status":"closed","template":"","meta":{"zakra_page_container_layout":"customizer","zakra_page_sidebar_layout":"customizer","zakra_remove_content_margin":false,"zakra_sidebar":"customizer","zakra_transparent_header":"customizer","zakra_logo":0,"zakra_main_header_style":"default","zakra_menu_item_color":"","zakra_menu_item_hover_color":"","zakra_menu_item_active_color":"","zakra_menu_active_style":"","zakra_page_header":true,"inline_featured_image":false,"footnotes":""},"class_list":["post-1407","page","type-page","status-publish","hentry"],"_links":{"self":[{"href":"https:\/\/www.ltcandgroup.com\/ca\/wp-json\/wp\/v2\/pages\/1407","targetHints":{"allow":["GET"]}}],"collection":[{"href":"https:\/\/www.ltcandgroup.com\/ca\/wp-json\/wp\/v2\/pages"}],"about":[{"href":"https:\/\/www.ltcandgroup.com\/ca\/wp-json\/wp\/v2\/types\/page"}],"author":[{"embeddable":true,"href":"https:\/\/www.ltcandgroup.com\/ca\/wp-json\/wp\/v2\/users\/1"}],"replies":[{"embeddable":true,"href":"https:\/\/www.ltcandgroup.com\/ca\/wp-json\/wp\/v2\/comments?post=1407"}],"version-history":[{"count":1,"href":"https:\/\/www.ltcandgroup.com\/ca\/wp-json\/wp\/v2\/pages\/1407\/revisions"}],"predecessor-version":[{"id":1408,"href":"https:\/\/www.ltcandgroup.com\/ca\/wp-json\/wp\/v2\/pages\/1407\/revisions\/1408"}],"wp:attachment":[{"href":"https:\/\/www.ltcandgroup.com\/ca\/wp-json\/wp\/v2\/media?parent=1407"}],"curies":[{"name":"wp","href":"https:\/\/api.w.org\/{rel}","templated":true}]}}